{"id":90,"date":"2024-12-30T05:46:00","date_gmt":"2024-12-30T05:46:00","guid":{"rendered":"https:\/\/artmart-wp.egenstheme.com\/?page_id=90"},"modified":"2026-01-07T20:33:08","modified_gmt":"2026-01-07T17:03:08","slug":"contact","status":"publish","type":"page","link":"https:\/\/dcohauz.online\/es\/contact\/","title":{"rendered":"Contacto"},"content":{"rendered":"<div data-elementor-type=\"wp-page\" data-elementor-id=\"90\" class=\"elementor elementor-90\">\n\t\t\t\t<div class=\"elementor-element elementor-element-35b8590 e-flex e-con-boxed e-con e-parent\" data-id=\"35b8590\" data-element_type=\"container\">\n\t\t\t\t\t<div class=\"e-con-inner\">\n\t\t\t\t<div class=\"elementor-element elementor-element-ee9223b elementor-widget elementor-widget-artmart_contact\" data-id=\"ee9223b\" data-element_type=\"widget\" data-widget_type=\"artmart_contact.default\">\n\t\t\t\t<div class=\"elementor-widget-container\">\n\t\t\t\t\t\n        <div class=\"contact-page\">\n            <div class=\"container\">\n                <div class=\"row gy-5\">\n                    <div class=\"col-lg-5\">\n                        <div class=\"map-area\">\n                            <h3>Cont\u00e1ctanos por tel\u00e9fono<\/h3>\n                            <div class=\"single-content\">\n                                <ul>\n                                                                            <li>UY <a href=\"tel:\">+598 96880188<\/a><\/li>\n                                                                    <\/ul>\n                                <ul class=\"opening-time\">\n                                    <li>De: <span>9:30  - 17:30 <\/span><\/li>\n                                    <li>De: <span>Lunes a Viernes<\/span><\/li>\n                                <\/ul>\n                            <\/div>\n                            <div class=\"contact-map\">\n                                                            <\/div>\n                        <\/div>\n                    <\/div>\n                    <div class=\"col-lg-7\">\n                        <div class=\"enquery-section style-2\">\n                            <div class=\"container\">\n                                <div class=\"row\">\n                                    <div class=\"col-lg-12 mb-25\">\n                                        <div class=\"enquery-section-title\">\n                                            <h3>Cont\u00e1ctanos por correo electr\u00f3nico<\/h3>\n                                            <p>\u00danete a nosotros para una emocionante experiencia de subasta en vivo donde el arte se encuentra con la emoci\u00f3n.<\/p>\n                                        <\/div>\n                                    <\/div>\n                                    <div class=\"col-lg-12 mb-20\">\n                                        <div class=\"enquery-form-wrapper\">\n                                            \n<div class=\"wpcf7 no-js\" id=\"wpcf7-f230-o1\" lang=\"en-US\" dir=\"ltr\" data-wpcf7-id=\"230\">\n<div class=\"screen-reader-response\"><p role=\"status\" aria-live=\"polite\" aria-atomic=\"true\"><\/p> <ul><\/ul><\/div>\n<form action=\"\/es\/wp-json\/wp\/v2\/pages\/90#wpcf7-f230-o1\" method=\"post\" class=\"wpcf7-form init\" aria-label=\"Contact form\" novalidate=\"novalidate\" data-status=\"init\" data-trp-original-action=\"\/es\/wp-json\/wp\/v2\/pages\/90#wpcf7-f230-o1\">\n<fieldset class=\"hidden-fields-container\"><input type=\"hidden\" name=\"_wpcf7\" value=\"230\" \/><input type=\"hidden\" name=\"_wpcf7_version\" value=\"6.1.4\" \/><input type=\"hidden\" name=\"_wpcf7_locale\" value=\"en_US\" \/><input type=\"hidden\" name=\"_wpcf7_unit_tag\" value=\"wpcf7-f230-o1\" \/><input type=\"hidden\" name=\"_wpcf7_container_post\" value=\"0\" \/><input type=\"hidden\" name=\"_wpcf7_posted_data_hash\" value=\"\" \/>\n<\/fieldset>\n<div class=\"row\">\n    <div class=\"col-md-6 mb-30\">\n        <div class=\"form-inner3\">\n            <label>first name *<\/label>\n            <span class=\"wpcf7-form-control-wrap\" data-name=\"text-30\"><input size=\"40\" maxlength=\"400\" class=\"wpcf7-form-control wpcf7-text wpcf7-validates-as-required\" aria-required=\"true\" aria-invalid=\"false\" placeholder=\"Mr. Harry\" value=\"\" type=\"text\" name=\"text-30\" \/><\/span>\n        <\/div>\n    <\/div>\n    <div class=\"col-md-6 mb-30\">\n        <div class=\"form-inner3\">\n            <label>email address *<\/label>\n            <span class=\"wpcf7-form-control-wrap\" data-name=\"email-127\"><input size=\"40\" maxlength=\"400\" class=\"wpcf7-form-control wpcf7-email wpcf7-validates-as-required wpcf7-text wpcf7-validates-as-email\" aria-required=\"true\" aria-invalid=\"false\" placeholder=\"info@example.com\" value=\"\" type=\"email\" name=\"email-127\" \/><\/span>\n        <\/div>\n    <\/div>\n    <div class=\"col-md-12 mb-40\">\n        <div class=\"form-inner3\">\n            <label>message<\/label>\n            <span class=\"wpcf7-form-control-wrap\" data-name=\"textarea-379\"><textarea cols=\"40\" rows=\"10\" maxlength=\"2000\" class=\"wpcf7-form-control wpcf7-textarea\" aria-invalid=\"false\" placeholder=\"Write your message\" name=\"textarea-379\"><\/textarea><\/span>\n        <\/div>\n    <\/div>\n    <div class=\"col-md-12\">\n        <div class=\"form-inner3\">\n            <button class=\"primary-btn1 btn-hover\">\n                <span>Submit Here<\/span>\n                <strong><\/strong>\n            <\/button>\n        <\/div>\n    <\/div>\n<\/div><div class=\"wpcf7-response-output\" aria-hidden=\"true\"><\/div>\n<input type=\"hidden\" name=\"trp-form-language\" value=\"es\"\/><\/form>\n<\/div>\n                                        <\/div>\n                                    <\/div>\n                                <\/div>\n                            <\/div>\n                        <\/div>\n                    <\/div>\n                <\/div>\n            <\/div>\n        <\/div>\n\n\t\t\t\t<\/div>\n\t\t\t\t<\/div>\n\t\t\t\t\t<\/div>\n\t\t\t\t<\/div>\n\t\t\t\t<\/div>","protected":false},"excerpt":{"rendered":"<p>Cont\u00e1ctanos por tel\u00e9fono UY +598 96880188 De: 9:30 &#8211; 17:30 De: Lunes a Viernes Cont\u00e1ctanos por correo electr\u00f3nico \u00danete a nosotros para una emocionante experiencia de subasta en vivo donde el arte se encuentra con la emoci\u00f3n. first name * email address * message Submit Here<\/p>","protected":false},"author":1,"featured_media":0,"parent":0,"menu_order":0,"comment_status":"closed","ping_status":"closed","template":"","meta":{"inline_featured_image":false,"footnotes":""},"class_list":["post-90","page","type-page","status-publish","hentry"],"_hostinger_reach_plugin_has_subscription_block":false,"_hostinger_reach_plugin_is_elementor":false,"_links":{"self":[{"href":"https:\/\/dcohauz.online\/es\/wp-json\/wp\/v2\/pages\/90","targetHints":{"allow":["GET"]}}],"collection":[{"href":"https:\/\/dcohauz.online\/es\/wp-json\/wp\/v2\/pages"}],"about":[{"href":"https:\/\/dcohauz.online\/es\/wp-json\/wp\/v2\/types\/page"}],"author":[{"embeddable":true,"href":"https:\/\/dcohauz.online\/es\/wp-json\/wp\/v2\/users\/1"}],"replies":[{"embeddable":true,"href":"https:\/\/dcohauz.online\/es\/wp-json\/wp\/v2\/comments?post=90"}],"version-history":[{"count":7,"href":"https:\/\/dcohauz.online\/es\/wp-json\/wp\/v2\/pages\/90\/revisions"}],"predecessor-version":[{"id":1065,"href":"https:\/\/dcohauz.online\/es\/wp-json\/wp\/v2\/pages\/90\/revisions\/1065"}],"wp:attachment":[{"href":"https:\/\/dcohauz.online\/es\/wp-json\/wp\/v2\/media?parent=90"}],"curies":[{"name":"wp","href":"https:\/\/api.w.org\/{rel}","templated":true}]}}